{"id":13,"date":"2025-01-22T13:48:26","date_gmt":"2025-01-22T13:48:26","guid":{"rendered":"https:\/\/smartfinanzguide.de\/?page_id=13"},"modified":"2025-01-22T15:27:15","modified_gmt":"2025-01-22T15:27:15","slug":"datenschutz","status":"publish","type":"page","link":"https:\/\/smartfinanzguide.de\/de\/datenschutz\/","title":{"rendered":"Datenschutz"},"content":{"rendered":"<p>Wir freuen uns \u00fcber Ihr Interesse an unserer Website smartfinanzguide.de. Der Schutz Ihrer personenbezogenen Daten ist uns ein wichtiges Anliegen. Nachfolgend informieren wir Sie \u00fcber die Erhebung, Verarbeitung und Nutzung Ihrer Daten im Rahmen der Nutzung unserer Website gem\u00e4\u00df den geltenden Datenschutzgesetzen, insbesondere der EU-Datenschutz-Grundverordnung (DSGVO).<\/p>\n\n\n\n<hr class=\"wp-block-separator has-alpha-channel-opacity\"\/>\n\n\n\n<h3 class=\"wp-block-heading\">1. <strong>Verantwortliche Stelle<\/strong><\/h3>\n\n\n\n<p>Verantwortlich f\u00fcr die Datenverarbeitung auf dieser Website ist:<\/p>\n\n\n\n<p>Franziska Faerber<br>Langenhorner Chaussee 50<br>84483 Burghausen<br>Telefon: 8677 91 81 53<br>E-Mail: <a>info@smartfinanzguide.de<\/a><br>Website: <a href=\"http:\/\/smartfinanzguide.de\/de\/\">smartfinanzguide.de<\/a><\/p>\n\n\n\n<hr class=\"wp-block-separator has-alpha-channel-opacity\"\/>\n\n\n\n<h3 class=\"wp-block-heading\">2. <strong>Erhebung und Speicherung personenbezogener Daten sowie Art und Zweck von deren Verwendung<\/strong><\/h3>\n\n\n\n<h4 class=\"wp-block-heading\">a) Besuch der Website<\/h4>\n\n\n\n<p>Beim Aufrufen unserer Website werden automatisch Informationen an den Server unserer Website gesendet. Diese Informationen werden tempor\u00e4r in einem sogenannten Logfile gespeichert. Folgende Informationen werden dabei ohne Ihr Zutun erfasst und bis zur automatisierten L\u00f6schung gespeichert:<\/p>\n\n\n\n<ul class=\"wp-block-list\">\n<li>IP-Adresse des anfragenden Rechners,<\/li>\n\n\n\n<li>Datum und Uhrzeit des Zugriffs,<\/li>\n\n\n\n<li>Name und URL der abgerufenen Datei,<\/li>\n\n\n\n<li>Website, von der aus der Zugriff erfolgt (Referrer-URL),<\/li>\n\n\n\n<li>verwendeter Browser und ggf. das Betriebssystem Ihres Rechners sowie der Name Ihres Access-Providers.<\/li>\n<\/ul>\n\n\n\n<p>Die genannten Daten werden zu folgenden Zwecken verarbeitet:<\/p>\n\n\n\n<ul class=\"wp-block-list\">\n<li>Gew\u00e4hrleistung eines reibungslosen Verbindungsaufbaus der Website,<\/li>\n\n\n\n<li>Gew\u00e4hrleistung einer komfortablen Nutzung unserer Website,<\/li>\n\n\n\n<li>Auswertung der Systemsicherheit und -stabilit\u00e4t sowie<\/li>\n\n\n\n<li>zu weiteren administrativen Zwecken.<\/li>\n<\/ul>\n\n\n\n<p>Die Rechtsgrundlage f\u00fcr die Datenverarbeitung ist Art. 6 Abs. 1 S. 1 lit. f DSGVO. Unser berechtigtes Interesse folgt aus den oben aufgelisteten Zwecken zur Datenerhebung. In keinem Fall verwenden wir die erhobenen Daten zu dem Zweck, R\u00fcckschl\u00fcsse auf Ihre Person zu ziehen.<\/p>\n\n\n\n<h4 class=\"wp-block-heading\">b) Nutzung des Kontaktformulars<\/h4>\n\n\n\n<p>Bei Fragen jeglicher Art bieten wir Ihnen die M\u00f6glichkeit, mit uns \u00fcber ein auf der Website bereitgestelltes Formular Kontakt aufzunehmen. Dabei ist die Angabe einer g\u00fcltigen E-Mail-Adresse erforderlich, damit wir wissen, von wem die Anfrage stammt, und um diese beantworten zu k\u00f6nnen. Weitere Angaben k\u00f6nnen freiwillig get\u00e4tigt werden.<\/p>\n\n\n\n<p>Die Datenverarbeitung zum Zwecke der Kontaktaufnahme mit uns erfolgt nach Art. 6 Abs. 1 S. 1 lit. a DSGVO auf Grundlage Ihrer freiwillig erteilten Einwilligung.<\/p>\n\n\n\n<p>Die f\u00fcr die Benutzung des Kontaktformulars von uns erhobenen personenbezogenen Daten werden nach Erledigung der von Ihnen gestellten Anfrage automatisch gel\u00f6scht.<\/p>\n\n\n\n<hr class=\"wp-block-separator has-alpha-channel-opacity\"\/>\n\n\n\n<h3 class=\"wp-block-heading\">3. <strong>Weitergabe von Daten<\/strong><\/h3>\n\n\n\n<p>Eine \u00dcbermittlung Ihrer pers\u00f6nlichen Daten an Dritte zu anderen als den im Folgenden aufgef\u00fchrten Zwecken findet nicht statt.<\/p>\n\n\n\n<p>Wir geben Ihre pers\u00f6nlichen Daten nur an Dritte weiter, wenn:<\/p>\n\n\n\n<ul class=\"wp-block-list\">\n<li>Sie Ihre ausdr\u00fcckliche Einwilligung dazu erteilt haben (Art. 6 Abs. 1 S. 1 lit. a DSGVO),<\/li>\n\n\n\n<li>die Weitergabe nach Art. 6 Abs. 1 S. 1 lit. f DSGVO zur Geltendmachung, Aus\u00fcbung oder Verteidigung von Rechtsanspr\u00fcchen erforderlich ist und kein Grund zur Annahme besteht, dass Sie ein \u00fcberwiegendes schutzw\u00fcrdiges Interesse an der Nichtweitergabe Ihrer Daten haben,<\/li>\n\n\n\n<li>f\u00fcr den Fall, dass f\u00fcr die Weitergabe nach Art. 6 Abs. 1 S. 1 lit. c DSGVO eine gesetzliche Verpflichtung besteht, sowie<\/li>\n\n\n\n<li>dies gesetzlich zul\u00e4ssig und nach Art. 6 Abs. 1 S. 1 lit. b DSGVO f\u00fcr die Abwicklung von Vertragsverh\u00e4ltnissen mit Ihnen erforderlich ist.<\/li>\n<\/ul>\n\n\n\n<hr class=\"wp-block-separator has-alpha-channel-opacity\"\/>\n\n\n\n<h3 class=\"wp-block-heading\">4. <strong>Cookies<\/strong><\/h3>\n\n\n\n<p>Unsere Website verwendet Cookies. Hierbei handelt es sich um kleine Dateien, die Ihr Browser automatisch erstellt und die auf Ihrem Endger\u00e4t (Laptop, Tablet, Smartphone o.\u00e4.) gespeichert werden, wenn Sie unsere Seite besuchen. Cookies richten auf Ihrem Endger\u00e4t keinen Schaden an, enthalten keine Viren, Trojaner oder sonstige Schadsoftware.<\/p>\n\n\n\n<p>In dem Cookie werden Informationen abgelegt, die sich jeweils im Zusammenhang mit dem spezifisch eingesetzten Endger\u00e4t ergeben. Dies bedeutet jedoch nicht, dass wir dadurch unmittelbar Kenntnis von Ihrer Identit\u00e4t erhalten.<\/p>\n\n\n\n<h4 class=\"wp-block-heading\">Arten von Cookies:<\/h4>\n\n\n\n<ul class=\"wp-block-list\">\n<li><strong>Session-Cookies:<\/strong> Diese werden nach Verlassen der Website automatisch gel\u00f6scht.<\/li>\n\n\n\n<li><strong>Permanente Cookies:<\/strong> Diese bleiben f\u00fcr einen bestimmten Zeitraum auf Ihrem Endger\u00e4t gespeichert, bis Sie diese l\u00f6schen.<\/li>\n<\/ul>\n\n\n\n<p>Die durch Cookies verarbeiteten Daten sind f\u00fcr die genannten Zwecke zur Wahrung unserer berechtigten Interessen sowie der Dritter nach Art. 6 Abs. 1 S. 1 lit. f DSGVO erforderlich.<\/p>\n\n\n\n<p>Sie k\u00f6nnen Ihre Browser-Einstellungen so konfigurieren, dass keine Cookies auf Ihrem Computer gespeichert werden oder stets ein Hinweis erscheint, bevor ein neuer Cookie angelegt wird. Die vollst\u00e4ndige Deaktivierung von Cookies kann jedoch dazu f\u00fchren, dass Sie nicht alle Funktionen unserer Website nutzen k\u00f6nnen.<\/p>\n\n\n\n<hr class=\"wp-block-separator has-alpha-channel-opacity\"\/>\n\n\n\n<h3 class=\"wp-block-heading\">5. <strong>Betroffenenrechte<\/strong><\/h3>\n\n\n\n<p>Sie haben das Recht:<\/p>\n\n\n\n<ul class=\"wp-block-list\">\n<li>gem\u00e4\u00df Art. 15 DSGVO Auskunft \u00fcber Ihre von uns verarbeiteten personenbezogenen Daten zu verlangen;<\/li>\n\n\n\n<li>gem\u00e4\u00df Art. 16 DSGVO unverz\u00fcglich die Berichtigung unrichtiger oder Vervollst\u00e4ndigung Ihrer bei uns gespeicherten personenbezogenen Daten zu verlangen;<\/li>\n\n\n\n<li>gem\u00e4\u00df Art. 17 DSGVO die L\u00f6schung Ihrer bei uns gespeicherten personenbezogenen Daten zu verlangen, soweit nicht die Verarbeitung zur Erf\u00fcllung einer rechtlichen Verpflichtung erforderlich ist;<\/li>\n\n\n\n<li>gem\u00e4\u00df Art. 18 DSGVO die Einschr\u00e4nkung der Verarbeitung Ihrer personenbezogenen Daten zu verlangen;<\/li>\n\n\n\n<li>gem\u00e4\u00df Art. 20 DSGVO Ihre personenbezogenen Daten in einem strukturierten, g\u00e4ngigen und maschinenlesbaren Format zu erhalten oder die \u00dcbermittlung an einen anderen Verantwortlichen zu verlangen;<\/li>\n\n\n\n<li>gem\u00e4\u00df Art. 7 Abs. 3 DSGVO Ihre einmal erteilte Einwilligung jederzeit gegen\u00fcber uns zu widerrufen sowie<\/li>\n\n\n\n<li>gem\u00e4\u00df Art. 77 DSGVO sich bei einer Aufsichtsbeh\u00f6rde zu beschweren.<\/li>\n<\/ul>\n\n\n\n<hr class=\"wp-block-separator has-alpha-channel-opacity\"\/>\n\n\n\n<h3 class=\"wp-block-heading\">6. <strong>Datensicherheit<\/strong><\/h3>\n\n\n\n<p>Wir verwenden geeignete technische und organisatorische Sicherheitsma\u00dfnahmen, um Ihre Daten gegen Manipulation, Verlust, Zerst\u00f6rung oder unbefugten Zugriff zu sch\u00fctzen. Unsere Sicherheitsma\u00dfnahmen werden entsprechend der technologischen Entwicklung fortlaufend verbessert.<\/p>\n\n\n\n<hr class=\"wp-block-separator has-alpha-channel-opacity\"\/>\n\n\n\n<h3 class=\"wp-block-heading\">7. <strong>Aktualit\u00e4t und \u00c4nderung dieser Datenschutzerkl\u00e4rung<\/strong><\/h3>\n\n\n\n<p>Diese Datenschutzerkl\u00e4rung ist aktuell g\u00fcltig und hat den Stand Januar 2025. Durch die Weiterentwicklung unserer Website oder \u00e4nderungen gesetzlicher Vorgaben kann es notwendig werden, diese Datenschutzerkl\u00e4rung zu \u00e4ndern. Die jeweils aktuelle Datenschutzerkl\u00e4rung kann jederzeit auf unserer Website unter <a href=\"http:\/\/smartfinanzguide.de\/de\/\">smartfinanzguide.de<\/a> abgerufen werden.<\/p>","protected":false},"excerpt":{"rendered":"<p>Wir freuen uns \u00fcber Ihr Interesse an unserer Website smartfinanzguide.de. Der Schutz Ihrer personenbezogenen Daten ist uns ein wichtiges Anliegen. Nachfolgend informieren wir Sie \u00fcber die Erhebung, Verarbeitung und Nutzung Ihrer Daten im Rahmen der Nutzung unserer Website gem\u00e4\u00df den geltenden Datenschutzgesetzen, insbesondere der EU-Datenschutz-Grundverordnung (DSGVO). 1. Verantwortliche Stelle Verantwortlich f\u00fcr die Datenverarbeitung auf dieser&hellip;<\/p>","protected":false},"author":1,"featured_media":0,"parent":0,"menu_order":0,"comment_status":"closed","ping_status":"open","template":"","meta":{"footnotes":""},"class_list":["post-13","page","type-page","status-publish","hentry"],"yoast_head":"<!-- This site is optimized with the Yoast SEO plugin v24.9 - https:\/\/yoast.com\/wordpress\/plugins\/seo\/ -->\n<title>Datenschutz -<\/title>\n<meta name=\"description\" content=\"Wir freuen uns \u00fcber Ihr Interesse an unserer Website smartfinanzguide.de. Der Schutz Ihrer personenbezogenen Daten ist uns ein wichtiges Anliegen. Nachfolgend informieren wir Sie \u00fcber die Erhebung, Verarbeitung und Nutzung Ihrer Daten im Rahmen der Nutzung unserer Website gem\u00e4\u00df den geltenden Datenschutzgesetzen, insbesondere der EU-Datenschutz-Grundverordnung (DSGVO). 1. Verantwortliche Stelle Verantwortlich f\u00fcr die Datenverarbeitung auf dieser&hellip;\" \/>\n<meta name=\"robots\" content=\"index, follow, max-snippet:-1, max-image-preview:large, max-video-preview:-1\" \/>\n<link rel=\"canonical\" href=\"https:\/\/smartfinanzguide.de\/de\/datenschutz\/\" \/>\n<meta property=\"og:locale\" content=\"de_DE\" \/>\n<meta property=\"og:type\" content=\"article\" \/>\n<meta property=\"og:title\" content=\"Datenschutz -\" \/>\n<meta property=\"og:description\" content=\"Wir freuen uns \u00fcber Ihr Interesse an unserer Website smartfinanzguide.de. Der Schutz Ihrer personenbezogenen Daten ist uns ein wichtiges Anliegen. Nachfolgend informieren wir Sie \u00fcber die Erhebung, Verarbeitung und Nutzung Ihrer Daten im Rahmen der Nutzung unserer Website gem\u00e4\u00df den geltenden Datenschutzgesetzen, insbesondere der EU-Datenschutz-Grundverordnung (DSGVO). 1. Verantwortliche Stelle Verantwortlich f\u00fcr die Datenverarbeitung auf dieser&hellip;\" \/>\n<meta property=\"og:url\" content=\"https:\/\/smartfinanzguide.de\/de\/datenschutz\/\" \/>\n<meta property=\"article:modified_time\" content=\"2025-01-22T15:27:15+00:00\" \/>\n<meta name=\"twitter:card\" content=\"summary_large_image\" \/>\n<meta name=\"twitter:label1\" content=\"Gesch\u00e4tzte Lesezeit\" \/>\n\t<meta name=\"twitter:data1\" content=\"4\u00a0Minuten\" \/>\n<script type=\"application\/ld+json\" class=\"yoast-schema-graph\">{\"@context\":\"https:\/\/schema.org\",\"@graph\":[{\"@type\":\"WebPage\",\"@id\":\"https:\/\/smartfinanzguide.de\/datenschutz\/\",\"url\":\"https:\/\/smartfinanzguide.de\/datenschutz\/\",\"name\":\"Datenschutz -\",\"isPartOf\":{\"@id\":\"https:\/\/smartfinanzguide.de\/#website\"},\"datePublished\":\"2025-01-22T13:48:26+00:00\",\"dateModified\":\"2025-01-22T15:27:15+00:00\",\"breadcrumb\":{\"@id\":\"https:\/\/smartfinanzguide.de\/datenschutz\/#breadcrumb\"},\"inLanguage\":\"de\",\"potentialAction\":[{\"@type\":\"ReadAction\",\"target\":[\"https:\/\/smartfinanzguide.de\/datenschutz\/\"]}]},{\"@type\":\"BreadcrumbList\",\"@id\":\"https:\/\/smartfinanzguide.de\/datenschutz\/#breadcrumb\",\"itemListElement\":[{\"@type\":\"ListItem\",\"position\":1,\"name\":\"Home\",\"item\":\"https:\/\/smartfinanzguide.de\/\"},{\"@type\":\"ListItem\",\"position\":2,\"name\":\"Datenschutz\"}]},{\"@type\":\"WebSite\",\"@id\":\"https:\/\/smartfinanzguide.de\/#website\",\"url\":\"https:\/\/smartfinanzguide.de\/\",\"name\":\"\",\"description\":\"\",\"potentialAction\":[{\"@type\":\"SearchAction\",\"target\":{\"@type\":\"EntryPoint\",\"urlTemplate\":\"https:\/\/smartfinanzguide.de\/?s={search_term_string}\"},\"query-input\":{\"@type\":\"PropertyValueSpecification\",\"valueRequired\":true,\"valueName\":\"search_term_string\"}}],\"inLanguage\":\"de\"}]}<\/script>\n<!-- \/ Yoast SEO plugin. -->","yoast_head_json":{"title":"Datenschutz -","description":"Wir freuen uns \u00fcber Ihr Interesse an unserer Website smartfinanzguide.de. Der Schutz Ihrer personenbezogenen Daten ist uns ein wichtiges Anliegen. Nachfolgend informieren wir Sie \u00fcber die Erhebung, Verarbeitung und Nutzung Ihrer Daten im Rahmen der Nutzung unserer Website gem\u00e4\u00df den geltenden Datenschutzgesetzen, insbesondere der EU-Datenschutz-Grundverordnung (DSGVO). 1. Verantwortliche Stelle Verantwortlich f\u00fcr die Datenverarbeitung auf dieser&hellip;","robots":{"index":"index","follow":"follow","max-snippet":"max-snippet:-1","max-image-preview":"max-image-preview:large","max-video-preview":"max-video-preview:-1"},"canonical":"https:\/\/smartfinanzguide.de\/de\/datenschutz\/","og_locale":"de_DE","og_type":"article","og_title":"Datenschutz -","og_description":"Wir freuen uns \u00fcber Ihr Interesse an unserer Website smartfinanzguide.de. Der Schutz Ihrer personenbezogenen Daten ist uns ein wichtiges Anliegen. Nachfolgend informieren wir Sie \u00fcber die Erhebung, Verarbeitung und Nutzung Ihrer Daten im Rahmen der Nutzung unserer Website gem\u00e4\u00df den geltenden Datenschutzgesetzen, insbesondere der EU-Datenschutz-Grundverordnung (DSGVO). 1. Verantwortliche Stelle Verantwortlich f\u00fcr die Datenverarbeitung auf dieser&hellip;","og_url":"https:\/\/smartfinanzguide.de\/de\/datenschutz\/","article_modified_time":"2025-01-22T15:27:15+00:00","twitter_card":"summary_large_image","twitter_misc":{"Gesch\u00e4tzte Lesezeit":"4\u00a0Minuten"},"schema":{"@context":"https:\/\/schema.org","@graph":[{"@type":"WebPage","@id":"https:\/\/smartfinanzguide.de\/datenschutz\/","url":"https:\/\/smartfinanzguide.de\/datenschutz\/","name":"Datenschutz -","isPartOf":{"@id":"https:\/\/smartfinanzguide.de\/#website"},"datePublished":"2025-01-22T13:48:26+00:00","dateModified":"2025-01-22T15:27:15+00:00","breadcrumb":{"@id":"https:\/\/smartfinanzguide.de\/datenschutz\/#breadcrumb"},"inLanguage":"de","potentialAction":[{"@type":"ReadAction","target":["https:\/\/smartfinanzguide.de\/datenschutz\/"]}]},{"@type":"BreadcrumbList","@id":"https:\/\/smartfinanzguide.de\/datenschutz\/#breadcrumb","itemListElement":[{"@type":"ListItem","position":1,"name":"Home","item":"https:\/\/smartfinanzguide.de\/"},{"@type":"ListItem","position":2,"name":"Datenschutz"}]},{"@type":"WebSite","@id":"https:\/\/smartfinanzguide.de\/#website","url":"https:\/\/smartfinanzguide.de\/","name":"","description":"","potentialAction":[{"@type":"SearchAction","target":{"@type":"EntryPoint","urlTemplate":"https:\/\/smartfinanzguide.de\/?s={search_term_string}"},"query-input":{"@type":"PropertyValueSpecification","valueRequired":true,"valueName":"search_term_string"}}],"inLanguage":"de"}]}},"_links":{"self":[{"href":"https:\/\/smartfinanzguide.de\/de\/wp-json\/wp\/v2\/pages\/13","targetHints":{"allow":["GET"]}}],"collection":[{"href":"https:\/\/smartfinanzguide.de\/de\/wp-json\/wp\/v2\/pages"}],"about":[{"href":"https:\/\/smartfinanzguide.de\/de\/wp-json\/wp\/v2\/types\/page"}],"author":[{"embeddable":true,"href":"https:\/\/smartfinanzguide.de\/de\/wp-json\/wp\/v2\/users\/1"}],"replies":[{"embeddable":true,"href":"https:\/\/smartfinanzguide.de\/de\/wp-json\/wp\/v2\/comments?post=13"}],"version-history":[{"count":2,"href":"https:\/\/smartfinanzguide.de\/de\/wp-json\/wp\/v2\/pages\/13\/revisions"}],"predecessor-version":[{"id":70,"href":"https:\/\/smartfinanzguide.de\/de\/wp-json\/wp\/v2\/pages\/13\/revisions\/70"}],"wp:attachment":[{"href":"https:\/\/smartfinanzguide.de\/de\/wp-json\/wp\/v2\/media?parent=13"}],"curies":[{"name":"wp","href":"https:\/\/api.w.org\/{rel}","templated":true}]}}